{"id":3221,"date":"2016-01-24T09:51:40","date_gmt":"2016-01-24T08:51:40","guid":{"rendered":"https:\/\/wordpress.gerdesmedical.de\/?page_id=3221&#038;lang=de"},"modified":"2023-03-07T11:47:12","modified_gmt":"2023-03-07T10:47:12","slug":"legal-notice","status":"publish","type":"page","link":"https:\/\/gerdesmedical.de\/de\/legal-notice\/","title":{"rendered":"Impressum"},"content":{"rendered":"\n<style type=\"text\/css\" data-created_by=\"avia_inline_auto\" id=\"style-css-av-ok9hkl-9206116ae712c0c6f8e5a4b76efdf7dc\">\n.avia-section.av-ok9hkl-9206116ae712c0c6f8e5a4b76efdf7dc{\nbackground-repeat:no-repeat;\nbackground-image:url(https:\/\/gerdesmedical.de\/wp-content\/uploads\/murtensee.jpg);\nbackground-position:50% 100%;\nbackground-attachment:scroll;\n}\n.avia-section.av-ok9hkl-9206116ae712c0c6f8e5a4b76efdf7dc .av-section-color-overlay{\nopacity:0.5;\nbackground-color:#559ce8;\n}\n<\/style>\n<div id='av_section_1'  class='avia-section av-ok9hkl-9206116ae712c0c6f8e5a4b76efdf7dc main_color avia-section-default avia-no-shadow  avia-builder-el-0  el_before_av_one_half  avia-builder-el-first  avia-full-stretch avia-bg-style-scroll av-section-color-overlay-active av-minimum-height av-minimum-height-50  container_wrap fullsize'  data-section-bg-repeat='stretch' data-av_minimum_height_pc='50'><div class=\"av-section-color-overlay-wrap\"><div class=\"av-section-color-overlay\"><\/div><div class='container av-section-cont-open' ><main  role=\"main\" itemprop=\"mainContentOfPage\"  class='template-page content  av-content-full alpha units'><div class='post-entry post-entry-type-page post-entry-3221'><div class='entry-content-wrapper clearfix'><\/div><\/div><\/main><!-- close content main element --><\/div><\/div><\/div><div id='after_section_1'  class='main_color av_default_container_wrap container_wrap fullsize'  ><div class='container av-section-cont-open' ><div class='template-page content  av-content-full alpha units'><div class='post-entry post-entry-type-page post-entry-3221'><div class='entry-content-wrapper clearfix'>\n\n<style type=\"text\/css\" data-created_by=\"avia_inline_auto\" id=\"style-css-av-mlgu11-2ae331b5f16ea22cf9634f60c730d7d8\">\n.flex_column.av-mlgu11-2ae331b5f16ea22cf9634f60c730d7d8{\n-webkit-border-radius:0px 0px 0px 0px;\n-moz-border-radius:0px 0px 0px 0px;\nborder-radius:0px 0px 0px 0px;\npadding:0px 0px 0px 0px;\n}\n<\/style>\n<div class='flex_column av-mlgu11-2ae331b5f16ea22cf9634f60c730d7d8 av_one_half  avia-builder-el-1  el_after_av_section  el_before_av_one_half  avia-builder-el-first  first flex_column_div av-zero-column-padding '     ><section  class='av_textblock_section av-lesb60tx-16d6d9ffae066ace774828ee4652b269'  itemscope=\"itemscope\" itemtype=\"https:\/\/schema.org\/CreativeWork\" ><div class='avia_textblock'  itemprop=\"text\" ><p><strong class=\"black\">GERDES MEDICAL AG<\/strong><br \/>\nBergerwiesenstra\u00dfe 9<br \/>\n53340 Meckenheim<br \/>\nDeutschland<\/p>\n<p><strong class=\"black\">Handelsregister-Eintrag<\/strong><br \/>\nRegisternummer: HRB 27763<br \/>\nRegistergericht: Amtsgericht Bonn<\/p>\n<\/div><\/section><\/div>\n\n<style type=\"text\/css\" data-created_by=\"avia_inline_auto\" id=\"style-css-av-k6owlx-3f96889cfd4e8f1151a8bcdaa3b2abbe\">\n.flex_column.av-k6owlx-3f96889cfd4e8f1151a8bcdaa3b2abbe{\n-webkit-border-radius:0px 0px 0px 0px;\n-moz-border-radius:0px 0px 0px 0px;\nborder-radius:0px 0px 0px 0px;\npadding:0px 0px 0px 0px;\n}\n<\/style>\n<div class='flex_column av-k6owlx-3f96889cfd4e8f1151a8bcdaa3b2abbe av_one_half  avia-builder-el-3  el_after_av_one_half  el_before_av_one_full  flex_column_div av-zero-column-padding '     ><section  class='av_textblock_section av-j28i1x-ea14c684316e9e5f12508de2e6589faa'  itemscope=\"itemscope\" itemtype=\"https:\/\/schema.org\/CreativeWork\" ><div class='avia_textblock'  itemprop=\"text\" ><p>E-Mail:\u00a0 <a href=\"mailto:info@gerdesmedical.de\">info@gerdesmedical.de<\/a><br \/>\nTel:\u00a0 <a href=\"tel:+49222595030\">+49 2225 9503-0<\/a><br \/>\nUID:<br \/>\nvertreten durch den Vorstand: Carsten Gerdes<\/p>\n<p>indoorLux<sup>\u00ae<\/sup> ist eine gesch\u00fctzte Marke<\/p>\n<p>Photos : iStockPhoto.com, dreamstime.com<\/p>\n<\/div><\/section><\/div>\n<style type=\"text\/css\" data-created_by=\"avia_inline_auto\" id=\"style-css-av-h3o7fp-709b0bb823c740aa72b5a62d76591989\">\n.flex_column.av-h3o7fp-709b0bb823c740aa72b5a62d76591989{\n-webkit-border-radius:0px 0px 0px 0px;\n-moz-border-radius:0px 0px 0px 0px;\nborder-radius:0px 0px 0px 0px;\npadding:20px 20px 20px 20px;\n}\n<\/style>\n<div class='flex_column av-h3o7fp-709b0bb823c740aa72b5a62d76591989 av_one_full  avia-builder-el-5  el_after_av_one_half  avia-builder-el-last  first flex_column_div column-top-margin'     ><p>\n<style type=\"text\/css\" data-created_by=\"avia_inline_auto\" id=\"style-css-av-g8qqk5-0a2a8765561222b94c4b164f53eb01ee\">\n#top .av-special-heading.av-g8qqk5-0a2a8765561222b94c4b164f53eb01ee{\npadding-bottom:10px;\n}\nbody .av-special-heading.av-g8qqk5-0a2a8765561222b94c4b164f53eb01ee .av-special-heading-tag .heading-char{\nfont-size:25px;\n}\n.av-special-heading.av-g8qqk5-0a2a8765561222b94c4b164f53eb01ee .av-subheading{\nfont-size:15px;\n}\n<\/style>\n<div  class='av-special-heading av-g8qqk5-0a2a8765561222b94c4b164f53eb01ee av-special-heading-h3  avia-builder-el-6  el_before_av_tab_container  avia-builder-el-first '><h3 class='av-special-heading-tag'  itemprop=\"headline\"  >Haftungsausschluss<\/h3><div class=\"special-heading-border\"><div class=\"special-heading-inner-border\"><\/div><\/div><\/div><br \/>\n<div  class='tabcontainer av-e779x1-fea6f37afc87a792e87177d6ee2cd9dd sidebar_tab sidebar_tab_left  avia-builder-el-7  el_after_av_heading  el_before_av_textblock  border_tabs' role='tablist'>\n<section class='av_tab_section av_tab_section av-cnpw1x-0f13752143479909dfac23c957a5ab69'  itemscope=\"itemscope\" itemtype=\"https:\/\/schema.org\/CreativeWork\" ><div class='tab active_tab' role='tab' tabindex='0' data-fake-id='#inhaltshaftung' aria-controls='inhaltshaftung-content'  itemprop=\"headline\" >Haftung f\u00fcr Inhalte<\/div><div id='inhaltshaftung-content' class='tab_content active_tab_content' aria-hidden=\"false\"><div class='tab_inner_content invers-color'  itemprop=\"text\" ><p>Die kostenlosen und frei zug\u00e4nglichen Inhalte dieser Webseite wurden mit gr\u00f6\u00dftm\u00f6glicher Sorgfalt erstellt. Der Anbieter dieser Webseite \u00fcbernimmt jedoch keine Gew\u00e4hr f\u00fcr die Richtigkeit und Aktualit\u00e4t der bereitgestellten kostenlosen und frei zug\u00e4nglichen journalistischen Ratgeber und Nachrichten. Namentlich gekennzeichnete Beitr\u00e4ge geben die Meinung des jeweiligen Autors und nicht immer die Meinung des Anbieters wieder. Allein durch den Aufruf der kostenlosen und frei zug\u00e4nglichen Inhalte kommt keinerlei Vertragsverh\u00e4ltnis zwischen dem Nutzer und dem Anbieter zustande, insoweit fehlt es am Rechtsbindungswillen des Anbieters.<\/p>\n<\/div><\/div><\/section>\n<section class='av_tab_section av_tab_section av-aybgfp-68c21682fd883c2c987ba69cf3814a30'  itemscope=\"itemscope\" itemtype=\"https:\/\/schema.org\/CreativeWork\" ><div class='tab' role='tab' tabindex='0' data-fake-id='#linkhaftung' aria-controls='linkhaftung-content'  itemprop=\"headline\" >Haftung f\u00fcr Links<\/div><div id='linkhaftung-content' class='tab_content' aria-hidden=\"true\"><div class='tab_inner_content invers-color'  itemprop=\"text\" ><p>Diese Website enth\u00e4lt Verkn\u00fcpfungen zu Websites Dritter (&#8222;externe Links&#8220;). Diese Websites unterliegen der Haftung der jeweiligen Betreiber. Der Anbieter hat bei der erstmaligen Verkn\u00fcpfung der externen Links die fremden Inhalte daraufhin \u00fcberpr\u00fcft, ob etwaige Rechtsverst\u00f6\u00dfe bestehen. Zu dem Zeitpunkt waren keine Rechtsverst\u00f6\u00dfe ersichtlich. Der Anbieter hat keinerlei Einfluss auf die aktuelle und zuk\u00fcnftige Gestaltung und auf die Inhalte der verkn\u00fcpften Seiten. Das Setzen von externen Links bedeutet nicht, dass sich der Anbieter die hinter dem Verweis oder Link liegenden Inhalte zu Eigen macht. Eine st\u00e4ndige Kontrolle der externen Links ist f\u00fcr den Anbieter ohne konkrete Hinweise auf Rechtsverst\u00f6\u00dfe nicht zumutbar. Bei Kenntnis von Rechtsverst\u00f6\u00dfen werden jedoch derartige externe Links unverz\u00fcglich gel\u00f6scht.<\/p>\n<\/div><\/div><\/section>\n<section class='av_tab_section av_tab_section av-9twjw5-fcabfa3ccfaa9ab344f0712d2ef88772'  itemscope=\"itemscope\" itemtype=\"https:\/\/schema.org\/CreativeWork\" ><div class='tab' role='tab' tabindex='0' data-fake-id='#copyright' aria-controls='copyright-content'  itemprop=\"headline\" >Urheberrecht<\/div><div id='copyright-content' class='tab_content' aria-hidden=\"true\"><div class='tab_inner_content invers-color'  itemprop=\"text\" ><p>Die auf dieser Website ver\u00f6ffentlichten Inhalte unterliegen dem deutschen Urheber- und Leistungsschutzrecht. Jede vom deutschen Urheber- und Leistungsschutzrecht nicht zugelassene Verwertung bedarf der vorherigen schriftlichen Zustimmung des Anbieters oder jeweiligen Rechteinhabers. Dies gilt insbesondere f\u00fcr Vervielf\u00e4ltigung, Bearbeitung, \u00dcbersetzung, Einspeicherung, Verarbeitung bzw. Wiedergabe von Inhalten in Datenbanken oder anderen elektronischen Medien und Systemen. Inhalte und Rechte Dritter sind dabei als solche gekennzeichnet. Die unerlaubte Vervielf\u00e4ltigung oder Weitergabe einzelner Inhalte oder kompletter Seiten ist nicht gestattet und strafbar. Lediglich die Herstellung von Kopien und Downloads f\u00fcr den pers\u00f6nlichen, privaten und nicht kommerziellen Gebrauch ist erlaubt.<\/p>\n<p>Die Darstellung dieser Website in fremden Frames ist nur mit schriftlicher Erlaubnis zul\u00e4ssig.<\/p>\n<\/div><\/div><\/section>\n<section class='av_tab_section av_tab_section av-8529l1-990e065bc8818c16d0ceff01003ad104'  itemscope=\"itemscope\" itemtype=\"https:\/\/schema.org\/CreativeWork\" ><div class='tab' role='tab' tabindex='0' data-fake-id='#datenschutz' aria-controls='datenschutz-content'  itemprop=\"headline\" >Datenschutz<\/div><div id='datenschutz-content' class='tab_content' aria-hidden=\"true\"><div class='tab_inner_content invers-color'  itemprop=\"text\" ><div  class='avia-button-wrap av-5gp1lx-70ccd5a28816431e8acc424af74b112e-wrap avia-button-left  avia-builder-el-8  avia-builder-el-no-sibling '><a href='https:\/\/gerdesmedical.de\/de\/datenschutzerklaerung\/'  class='avia-button av-5gp1lx-70ccd5a28816431e8acc424af74b112e avia-icon_select-yes-left-icon avia-size-large avia-position-left av-icon-on-hover avia-color-theme-color'  ><span class='avia_button_icon avia_button_icon_left' aria-hidden='true' data-av_icon='\ue832' data-av_iconfont='entypo-fontello'><\/span><span class='avia_iconbox_title' >zur Datenschutzerkl\u00e4rung<\/span><\/a><\/div>\n<\/div><\/div><\/section>\n<section class='av_tab_section av_tab_section av-4gxyqd-4649c367aaa86e458f8f6f778f833ff0'  itemscope=\"itemscope\" itemtype=\"https:\/\/schema.org\/CreativeWork\" ><div class='tab' role='tab' tabindex='0' data-fake-id='#nutzungshinweis' aria-controls='nutzungshinweis-content'  itemprop=\"headline\" >Nutzungsbedingungen<\/div><div id='nutzungshinweis-content' class='tab_content' aria-hidden=\"true\"><div class='tab_inner_content invers-color'  itemprop=\"text\" ><div>\n<p>Soweit besondere Bedingungen f\u00fcr einzelne Nutzungen dieser Website von den vorgenannten Nummern 1. bis 4. abweichen, wird an entsprechender Stelle ausdr\u00fccklich darauf hingewiesen. In diesem Falle gelten im jeweiligen Einzelfall die besonderen Nutzungsbedingungen.<\/p>\n<\/div>\n<\/div><\/div><\/section>\n<\/div><br \/>\n\n<style type=\"text\/css\" data-created_by=\"avia_inline_auto\" id=\"style-css-av-23lh5x-75895dedf60bcb6f494248469a05a5d0\">\n#top .av_textblock_section.av-23lh5x-75895dedf60bcb6f494248469a05a5d0 .avia_textblock{\nfont-size:14px;\n}\n<\/style>\n<section  class='av_textblock_section av-23lh5x-75895dedf60bcb6f494248469a05a5d0'  itemscope=\"itemscope\" itemtype=\"https:\/\/schema.org\/CreativeWork\" ><div class='avia_textblock'  itemprop=\"text\" ><p style=\"text-align: right;\">Quelle: <a href=\"https:\/\/www.juraforum.de\/disclaimer_muster\/\">Disclaimer Muster von JuraForum.de<\/a>.<\/p>\n<\/div><\/section><\/p><\/div><\/p>\n","protected":false},"excerpt":{"rendered":"","protected":false},"author":1,"featured_media":0,"parent":0,"menu_order":0,"comment_status":"closed","ping_status":"closed","template":"","meta":{"footnotes":""},"class_list":["post-3221","page","type-page","status-publish","hentry"],"yoast_head":"<!-- This site is optimized with the Yoast SEO plugin v27.2 - https:\/\/yoast.com\/product\/yoast-seo-wordpress\/ -->\n<title>Impressum - GERDES MEDICAL AG<\/title>\n<meta name=\"description\" content=\"Impressum Seite der Gerdes Medical AG\" \/>\n<meta name=\"robots\" content=\"index, follow, max-snippet:-1, max-image-preview:large, max-video-preview:-1\" \/>\n<link rel=\"canonical\" href=\"https:\/\/gerdesmedical.de\/de\/legal-notice\/\" \/>\n<meta property=\"og:locale\" content=\"de_DE\" \/>\n<meta property=\"og:type\" content=\"article\" \/>\n<meta property=\"og:title\" content=\"Impressum - GERDES MEDICAL AG\" \/>\n<meta property=\"og:description\" content=\"Impressum Seite der Gerdes Medical AG\" \/>\n<meta property=\"og:url\" content=\"https:\/\/gerdesmedical.de\/de\/legal-notice\/\" \/>\n<meta property=\"og:site_name\" content=\"GERDES MEDICAL AG\" \/>\n<meta property=\"article:modified_time\" content=\"2023-03-07T10:47:12+00:00\" \/>\n<meta name=\"twitter:card\" content=\"summary_large_image\" \/>\n<meta name=\"twitter:label1\" content=\"Gesch\u00e4tzte Lesezeit\" \/>\n\t<meta name=\"twitter:data1\" content=\"4\u00a0Minuten\" \/>\n<script type=\"application\/ld+json\" class=\"yoast-schema-graph\">{\"@context\":\"https:\/\/schema.org\",\"@graph\":[{\"@type\":\"WebPage\",\"@id\":\"https:\/\/gerdesmedical.de\/de\/legal-notice\/\",\"url\":\"https:\/\/gerdesmedical.de\/de\/legal-notice\/\",\"name\":\"Impressum - GERDES MEDICAL AG\",\"isPartOf\":{\"@id\":\"https:\/\/www.indoor-lux.de\/de\/#website\"},\"datePublished\":\"2016-01-24T08:51:40+00:00\",\"dateModified\":\"2023-03-07T10:47:12+00:00\",\"description\":\"Impressum Seite der Gerdes Medical AG\",\"breadcrumb\":{\"@id\":\"https:\/\/gerdesmedical.de\/de\/legal-notice\/#breadcrumb\"},\"inLanguage\":\"de\",\"potentialAction\":[{\"@type\":\"ReadAction\",\"target\":[\"https:\/\/gerdesmedical.de\/de\/legal-notice\/\"]}]},{\"@type\":\"BreadcrumbList\",\"@id\":\"https:\/\/gerdesmedical.de\/de\/legal-notice\/#breadcrumb\",\"itemListElement\":[{\"@type\":\"ListItem\",\"position\":1,\"name\":\"Home\",\"item\":\"https:\/\/www.indoor-lux.de\/de\/\"},{\"@type\":\"ListItem\",\"position\":2,\"name\":\"Impressum\"}]},{\"@type\":\"WebSite\",\"@id\":\"https:\/\/www.indoor-lux.de\/de\/#website\",\"url\":\"https:\/\/www.indoor-lux.de\/de\/\",\"name\":\"GERDES MEDICAL AG\",\"description\":\"Simulierte Tageslicht PDT\",\"publisher\":{\"@id\":\"https:\/\/www.indoor-lux.de\/de\/#organization\"},\"potentialAction\":[{\"@type\":\"SearchAction\",\"target\":{\"@type\":\"EntryPoint\",\"urlTemplate\":\"https:\/\/www.indoor-lux.de\/de\/?s={search_term_string}\"},\"query-input\":{\"@type\":\"PropertyValueSpecification\",\"valueRequired\":true,\"valueName\":\"search_term_string\"}}],\"inLanguage\":\"de\"},{\"@type\":\"Organization\",\"@id\":\"https:\/\/www.indoor-lux.de\/de\/#organization\",\"name\":\"GERDES MEDICAL AG\",\"url\":\"https:\/\/www.indoor-lux.de\/de\/\",\"logo\":{\"@type\":\"ImageObject\",\"inLanguage\":\"de\",\"@id\":\"https:\/\/www.indoor-lux.de\/de\/#\/schema\/logo\/image\/\",\"url\":\"https:\/\/gerdesmedical.de\/wp-content\/uploads\/gerdes-medical-ag.png\",\"contentUrl\":\"https:\/\/gerdesmedical.de\/wp-content\/uploads\/gerdes-medical-ag.png\",\"width\":500,\"height\":80,\"caption\":\"GERDES MEDICAL AG\"},\"image\":{\"@id\":\"https:\/\/www.indoor-lux.de\/de\/#\/schema\/logo\/image\/\"}}]}<\/script>\n<!-- \/ Yoast SEO plugin. -->","yoast_head_json":{"title":"Impressum - GERDES MEDICAL AG","description":"Impressum Seite der Gerdes Medical AG","robots":{"index":"index","follow":"follow","max-snippet":"max-snippet:-1","max-image-preview":"max-image-preview:large","max-video-preview":"max-video-preview:-1"},"canonical":"https:\/\/gerdesmedical.de\/de\/legal-notice\/","og_locale":"de_DE","og_type":"article","og_title":"Impressum - GERDES MEDICAL AG","og_description":"Impressum Seite der Gerdes Medical AG","og_url":"https:\/\/gerdesmedical.de\/de\/legal-notice\/","og_site_name":"GERDES MEDICAL AG","article_modified_time":"2023-03-07T10:47:12+00:00","twitter_card":"summary_large_image","twitter_misc":{"Gesch\u00e4tzte Lesezeit":"4\u00a0Minuten"},"schema":{"@context":"https:\/\/schema.org","@graph":[{"@type":"WebPage","@id":"https:\/\/gerdesmedical.de\/de\/legal-notice\/","url":"https:\/\/gerdesmedical.de\/de\/legal-notice\/","name":"Impressum - GERDES MEDICAL AG","isPartOf":{"@id":"https:\/\/www.indoor-lux.de\/de\/#website"},"datePublished":"2016-01-24T08:51:40+00:00","dateModified":"2023-03-07T10:47:12+00:00","description":"Impressum Seite der Gerdes Medical AG","breadcrumb":{"@id":"https:\/\/gerdesmedical.de\/de\/legal-notice\/#breadcrumb"},"inLanguage":"de","potentialAction":[{"@type":"ReadAction","target":["https:\/\/gerdesmedical.de\/de\/legal-notice\/"]}]},{"@type":"BreadcrumbList","@id":"https:\/\/gerdesmedical.de\/de\/legal-notice\/#breadcrumb","itemListElement":[{"@type":"ListItem","position":1,"name":"Home","item":"https:\/\/www.indoor-lux.de\/de\/"},{"@type":"ListItem","position":2,"name":"Impressum"}]},{"@type":"WebSite","@id":"https:\/\/www.indoor-lux.de\/de\/#website","url":"https:\/\/www.indoor-lux.de\/de\/","name":"GERDES MEDICAL AG","description":"Simulierte Tageslicht PDT","publisher":{"@id":"https:\/\/www.indoor-lux.de\/de\/#organization"},"potentialAction":[{"@type":"SearchAction","target":{"@type":"EntryPoint","urlTemplate":"https:\/\/www.indoor-lux.de\/de\/?s={search_term_string}"},"query-input":{"@type":"PropertyValueSpecification","valueRequired":true,"valueName":"search_term_string"}}],"inLanguage":"de"},{"@type":"Organization","@id":"https:\/\/www.indoor-lux.de\/de\/#organization","name":"GERDES MEDICAL AG","url":"https:\/\/www.indoor-lux.de\/de\/","logo":{"@type":"ImageObject","inLanguage":"de","@id":"https:\/\/www.indoor-lux.de\/de\/#\/schema\/logo\/image\/","url":"https:\/\/gerdesmedical.de\/wp-content\/uploads\/gerdes-medical-ag.png","contentUrl":"https:\/\/gerdesmedical.de\/wp-content\/uploads\/gerdes-medical-ag.png","width":500,"height":80,"caption":"GERDES MEDICAL AG"},"image":{"@id":"https:\/\/www.indoor-lux.de\/de\/#\/schema\/logo\/image\/"}}]}},"_links":{"self":[{"href":"https:\/\/gerdesmedical.de\/de\/wp-json\/wp\/v2\/pages\/3221","targetHints":{"allow":["GET"]}}],"collection":[{"href":"https:\/\/gerdesmedical.de\/de\/wp-json\/wp\/v2\/pages"}],"about":[{"href":"https:\/\/gerdesmedical.de\/de\/wp-json\/wp\/v2\/types\/page"}],"author":[{"embeddable":true,"href":"https:\/\/gerdesmedical.de\/de\/wp-json\/wp\/v2\/users\/1"}],"replies":[{"embeddable":true,"href":"https:\/\/gerdesmedical.de\/de\/wp-json\/wp\/v2\/comments?post=3221"}],"version-history":[{"count":7,"href":"https:\/\/gerdesmedical.de\/de\/wp-json\/wp\/v2\/pages\/3221\/revisions"}],"predecessor-version":[{"id":4095,"href":"https:\/\/gerdesmedical.de\/de\/wp-json\/wp\/v2\/pages\/3221\/revisions\/4095"}],"wp:attachment":[{"href":"https:\/\/gerdesmedical.de\/de\/wp-json\/wp\/v2\/media?parent=3221"}],"curies":[{"name":"wp","href":"https:\/\/api.w.org\/{rel}","templated":true}]}}