{"id":4006,"date":"2023-03-08T18:31:51","date_gmt":"2023-03-08T17:31:51","guid":{"rendered":"https:\/\/www.gerdesmedical.de\/?page_id=4006"},"modified":"2023-03-09T19:04:12","modified_gmt":"2023-03-09T18:04:12","slug":"gerdes-medical-ag","status":"publish","type":"page","link":"https:\/\/gerdesmedical.de\/de\/gerdes-medical-ag\/","title":{"rendered":"Gerdes Medical AG"},"content":{"rendered":"<section  class='av_textblock_section av-lezynw2v-e55909a30503306d51f2f241293a3046'  itemscope=\"itemscope\" itemtype=\"https:\/\/schema.org\/CreativeWork\" ><div class='avia_textblock'  itemprop=\"text\" ><p>Gerdes Medical AG, eine neue Tochtergesellschaft der Gerdes Aktiengesellschaft, hat das Produktportfolio der Swiss Red AG im Januar 2023 \u00fcbernommen. Das erfolgreiche indoorLux<sup>\u00a9<\/sup> system f\u00fcr die simulierte Tageslicht PDT und alle dazugeh\u00f6rigen Patente und Warenzeichen wurden \u00fcbertragen. All Bestands- und Neukunden werden von der Gerdes Medical AG von nun an versorgt und beliefert.<\/p>\n<p>Die Gerdes Aktiengesellschaft ist ein in 1989 gegr\u00fcndetes Unternehmen im Privatbesitz. Auch heute noch wird die Gesellschaft von den Gr\u00fcndern erfolgreich gef\u00fchrt. Die Gerdes AG ist ein Entwicklungs-, Produktions- und Vertriebsunternehmen f\u00fcr Hightech Produkte in verschiedensten Bereichen, z.B. in Steuerungssystemen f\u00fcr alle Hochgeschwindigkeitsz\u00fcge oder in Sicherheitssystemen f\u00fcr Gef\u00e4ngnisse weltweit. Die neue Tochtergesellschaft Gerdes Medical AG wird alle Entwicklungs- und Produktionsresourcen der Gerdes AG nutzen und zusammen neue Medizinprodukte entwickeln und vermarkten. Das erste Produkt ist das patentierte PDT-System indoorLux<sup>\u00a9<\/sup>, das nun in einem gr\u00f6\u00dferen Markt zur Verf\u00fcgung gestellt wird.<\/p>\n<\/div><\/section>\n","protected":false},"excerpt":{"rendered":"","protected":false},"author":3,"featured_media":0,"parent":0,"menu_order":0,"comment_status":"closed","ping_status":"closed","template":"","meta":{"footnotes":""},"class_list":["post-4006","page","type-page","status-publish","hentry"],"yoast_head":"<!-- This site is optimized with the Yoast SEO plugin v27.2 - https:\/\/yoast.com\/product\/yoast-seo-wordpress\/ -->\n<title>Gerdes Medical AG - GERDES MEDICAL AG<\/title>\n<meta name=\"robots\" content=\"index, follow, max-snippet:-1, max-image-preview:large, max-video-preview:-1\" \/>\n<link rel=\"canonical\" href=\"https:\/\/gerdesmedical.de\/de\/gerdes-medical-ag\/\" \/>\n<meta property=\"og:locale\" content=\"de_DE\" \/>\n<meta property=\"og:type\" content=\"article\" \/>\n<meta property=\"og:title\" content=\"Gerdes Medical AG - GERDES MEDICAL AG\" \/>\n<meta property=\"og:url\" content=\"https:\/\/gerdesmedical.de\/de\/gerdes-medical-ag\/\" \/>\n<meta property=\"og:site_name\" content=\"GERDES MEDICAL AG\" \/>\n<meta property=\"article:modified_time\" content=\"2023-03-09T18:04:12+00:00\" \/>\n<meta name=\"twitter:card\" content=\"summary_large_image\" \/>\n<meta name=\"twitter:label1\" content=\"Gesch\u00e4tzte Lesezeit\" \/>\n\t<meta name=\"twitter:data1\" content=\"1\u00a0Minute\" \/>\n<script type=\"application\/ld+json\" class=\"yoast-schema-graph\">{\"@context\":\"https:\/\/schema.org\",\"@graph\":[{\"@type\":\"WebPage\",\"@id\":\"https:\/\/gerdesmedical.de\/de\/gerdes-medical-ag\/\",\"url\":\"https:\/\/gerdesmedical.de\/de\/gerdes-medical-ag\/\",\"name\":\"Gerdes Medical AG - GERDES MEDICAL AG\",\"isPartOf\":{\"@id\":\"https:\/\/www.indoor-lux.de\/de\/#website\"},\"datePublished\":\"2023-03-08T17:31:51+00:00\",\"dateModified\":\"2023-03-09T18:04:12+00:00\",\"breadcrumb\":{\"@id\":\"https:\/\/gerdesmedical.de\/de\/gerdes-medical-ag\/#breadcrumb\"},\"inLanguage\":\"de\",\"potentialAction\":[{\"@type\":\"ReadAction\",\"target\":[\"https:\/\/gerdesmedical.de\/de\/gerdes-medical-ag\/\"]}]},{\"@type\":\"BreadcrumbList\",\"@id\":\"https:\/\/gerdesmedical.de\/de\/gerdes-medical-ag\/#breadcrumb\",\"itemListElement\":[{\"@type\":\"ListItem\",\"position\":1,\"name\":\"Home\",\"item\":\"https:\/\/www.indoor-lux.de\/de\/\"},{\"@type\":\"ListItem\",\"position\":2,\"name\":\"Gerdes Medical AG\"}]},{\"@type\":\"WebSite\",\"@id\":\"https:\/\/www.indoor-lux.de\/de\/#website\",\"url\":\"https:\/\/www.indoor-lux.de\/de\/\",\"name\":\"GERDES MEDICAL AG\",\"description\":\"Simulierte Tageslicht PDT\",\"publisher\":{\"@id\":\"https:\/\/www.indoor-lux.de\/de\/#organization\"},\"potentialAction\":[{\"@type\":\"SearchAction\",\"target\":{\"@type\":\"EntryPoint\",\"urlTemplate\":\"https:\/\/www.indoor-lux.de\/de\/?s={search_term_string}\"},\"query-input\":{\"@type\":\"PropertyValueSpecification\",\"valueRequired\":true,\"valueName\":\"search_term_string\"}}],\"inLanguage\":\"de\"},{\"@type\":\"Organization\",\"@id\":\"https:\/\/www.indoor-lux.de\/de\/#organization\",\"name\":\"GERDES MEDICAL AG\",\"url\":\"https:\/\/www.indoor-lux.de\/de\/\",\"logo\":{\"@type\":\"ImageObject\",\"inLanguage\":\"de\",\"@id\":\"https:\/\/www.indoor-lux.de\/de\/#\/schema\/logo\/image\/\",\"url\":\"https:\/\/gerdesmedical.de\/wp-content\/uploads\/gerdes-medical-ag.png\",\"contentUrl\":\"https:\/\/gerdesmedical.de\/wp-content\/uploads\/gerdes-medical-ag.png\",\"width\":500,\"height\":80,\"caption\":\"GERDES MEDICAL AG\"},\"image\":{\"@id\":\"https:\/\/www.indoor-lux.de\/de\/#\/schema\/logo\/image\/\"}}]}<\/script>\n<!-- \/ Yoast SEO plugin. -->","yoast_head_json":{"title":"Gerdes Medical AG - GERDES MEDICAL AG","robots":{"index":"index","follow":"follow","max-snippet":"max-snippet:-1","max-image-preview":"max-image-preview:large","max-video-preview":"max-video-preview:-1"},"canonical":"https:\/\/gerdesmedical.de\/de\/gerdes-medical-ag\/","og_locale":"de_DE","og_type":"article","og_title":"Gerdes Medical AG - GERDES MEDICAL AG","og_url":"https:\/\/gerdesmedical.de\/de\/gerdes-medical-ag\/","og_site_name":"GERDES MEDICAL AG","article_modified_time":"2023-03-09T18:04:12+00:00","twitter_card":"summary_large_image","twitter_misc":{"Gesch\u00e4tzte Lesezeit":"1\u00a0Minute"},"schema":{"@context":"https:\/\/schema.org","@graph":[{"@type":"WebPage","@id":"https:\/\/gerdesmedical.de\/de\/gerdes-medical-ag\/","url":"https:\/\/gerdesmedical.de\/de\/gerdes-medical-ag\/","name":"Gerdes Medical AG - GERDES MEDICAL AG","isPartOf":{"@id":"https:\/\/www.indoor-lux.de\/de\/#website"},"datePublished":"2023-03-08T17:31:51+00:00","dateModified":"2023-03-09T18:04:12+00:00","breadcrumb":{"@id":"https:\/\/gerdesmedical.de\/de\/gerdes-medical-ag\/#breadcrumb"},"inLanguage":"de","potentialAction":[{"@type":"ReadAction","target":["https:\/\/gerdesmedical.de\/de\/gerdes-medical-ag\/"]}]},{"@type":"BreadcrumbList","@id":"https:\/\/gerdesmedical.de\/de\/gerdes-medical-ag\/#breadcrumb","itemListElement":[{"@type":"ListItem","position":1,"name":"Home","item":"https:\/\/www.indoor-lux.de\/de\/"},{"@type":"ListItem","position":2,"name":"Gerdes Medical AG"}]},{"@type":"WebSite","@id":"https:\/\/www.indoor-lux.de\/de\/#website","url":"https:\/\/www.indoor-lux.de\/de\/","name":"GERDES MEDICAL AG","description":"Simulierte Tageslicht PDT","publisher":{"@id":"https:\/\/www.indoor-lux.de\/de\/#organization"},"potentialAction":[{"@type":"SearchAction","target":{"@type":"EntryPoint","urlTemplate":"https:\/\/www.indoor-lux.de\/de\/?s={search_term_string}"},"query-input":{"@type":"PropertyValueSpecification","valueRequired":true,"valueName":"search_term_string"}}],"inLanguage":"de"},{"@type":"Organization","@id":"https:\/\/www.indoor-lux.de\/de\/#organization","name":"GERDES MEDICAL AG","url":"https:\/\/www.indoor-lux.de\/de\/","logo":{"@type":"ImageObject","inLanguage":"de","@id":"https:\/\/www.indoor-lux.de\/de\/#\/schema\/logo\/image\/","url":"https:\/\/gerdesmedical.de\/wp-content\/uploads\/gerdes-medical-ag.png","contentUrl":"https:\/\/gerdesmedical.de\/wp-content\/uploads\/gerdes-medical-ag.png","width":500,"height":80,"caption":"GERDES MEDICAL AG"},"image":{"@id":"https:\/\/www.indoor-lux.de\/de\/#\/schema\/logo\/image\/"}}]}},"_links":{"self":[{"href":"https:\/\/gerdesmedical.de\/de\/wp-json\/wp\/v2\/pages\/4006","targetHints":{"allow":["GET"]}}],"collection":[{"href":"https:\/\/gerdesmedical.de\/de\/wp-json\/wp\/v2\/pages"}],"about":[{"href":"https:\/\/gerdesmedical.de\/de\/wp-json\/wp\/v2\/types\/page"}],"author":[{"embeddable":true,"href":"https:\/\/gerdesmedical.de\/de\/wp-json\/wp\/v2\/users\/3"}],"replies":[{"embeddable":true,"href":"https:\/\/gerdesmedical.de\/de\/wp-json\/wp\/v2\/comments?post=4006"}],"version-history":[{"count":7,"href":"https:\/\/gerdesmedical.de\/de\/wp-json\/wp\/v2\/pages\/4006\/revisions"}],"predecessor-version":[{"id":4192,"href":"https:\/\/gerdesmedical.de\/de\/wp-json\/wp\/v2\/pages\/4006\/revisions\/4192"}],"wp:attachment":[{"href":"https:\/\/gerdesmedical.de\/de\/wp-json\/wp\/v2\/media?parent=4006"}],"curies":[{"name":"wp","href":"https:\/\/api.w.org\/{rel}","templated":true}]}}